{"id":846,"date":"2024-10-21T13:31:37","date_gmt":"2024-10-21T16:31:37","guid":{"rendered":"https:\/\/convencoesfreicaneca.com.br\/about\/affiliations\/"},"modified":"2024-12-11T15:21:47","modified_gmt":"2024-12-11T18:21:47","slug":"affiliations","status":"publish","type":"page","link":"https:\/\/convencoesfreicaneca.com.br\/en\/about\/affiliations\/","title":{"rendered":"Affiliations"},"content":{"rendered":"\t\t<div data-elementor-type=\"wp-page\" data-elementor-id=\"846\" class=\"elementor elementor-846 elementor-310\" data-elementor-post-type=\"page\">\n\t\t\t\t<div class=\"elementor-element elementor-element-6601c3fb e-con-full e-flex e-con e-parent\" data-id=\"6601c3fb\" data-element_type=\"container\" data-settings=\"{&quot;background_background&quot;:&quot;classic&quot;}\">\n\t\t\t\t<\/div>\n\t\t<div class=\"elementor-element elementor-element-0e1aa3d e-flex e-con-boxed e-con e-parent\" data-id=\"0e1aa3d\" data-element_type=\"container\">\n\t\t\t\t\t<div class=\"e-con-inner\">\n\t\t<div class=\"elementor-element elementor-element-e8736dd e-con-full e-flex e-con e-child\" data-id=\"e8736dd\" data-element_type=\"container\">\n\t\t<div class=\"elementor-element elementor-element-b036f1b e-con-full e-flex e-con e-child\" data-id=\"b036f1b\" data-element_type=\"container\" data-settings=\"{&quot;background_background&quot;:&quot;classic&quot;}\">\n\t\t\t\t<div class=\"elementor-element elementor-element-f6d8dd5 elementor-widget elementor-widget-image\" data-id=\"f6d8dd5\" data-element_type=\"widget\" data-widget_type=\"image.default\">\n\t\t\t\t<div class=\"elementor-widget-container\">\n\t\t\t\t\t\t\t\t\t\t\t\t\t<img decoding=\"async\" width=\"281\" height=\"153\" src=\"https:\/\/convencoesfreicaneca.com.br\/wp-content\/uploads\/2024\/10\/filiacoes-do-convencoes-frei-caneca-imagem-01.png\" class=\"attachment-large size-large wp-image-318\" alt=\"Filia\u00e7\u00f5es do Centro de Conven\u00e7\u00f5es Frei Caneca: S\u00e3o Paulo Convention &amp; Visitors Bureau\" \/>\t\t\t\t\t\t\t\t\t\t\t\t\t<\/div>\n\t\t\t\t<\/div>\n\t\t\t\t<div class=\"elementor-element elementor-element-b42147e elementor-widget elementor-widget-icon-box\" data-id=\"b42147e\" data-element_type=\"widget\" data-widget_type=\"icon-box.default\">\n\t\t\t\t<div class=\"elementor-widget-container\">\n\t\t\t\t\t<div class=\"elementor-icon-box-wrapper\">\n\n\t\t\t\n\t\t\t\t\t\t<div class=\"elementor-icon-box-content\">\n\n\t\t\t\t\t\t\t\t\t<h3 class=\"elementor-icon-box-title\">\n\t\t\t\t\t\t<span  >\n\t\t\t\t\t\t\tS\u00e3o Paulo Convention & Visitors Bureau\t\t\t\t\t\t<\/span>\n\t\t\t\t\t<\/h3>\n\t\t\t\t\n\t\t\t\t\t\t\t\t\t<p class=\"elementor-icon-box-description\">\n\t\t\t\t\t\twww.visitesaopaulo.com  \t\t\t\t\t<\/p>\n\t\t\t\t\n\t\t\t<\/div>\n\t\t\t\n\t\t<\/div>\n\t\t\t\t<\/div>\n\t\t\t\t<\/div>\n\t\t\t\t<\/div>\n\t\t<div class=\"elementor-element elementor-element-7352043 e-con-full e-flex e-con e-child\" data-id=\"7352043\" data-element_type=\"container\" data-settings=\"{&quot;background_background&quot;:&quot;classic&quot;}\">\n\t\t\t\t<div class=\"elementor-element elementor-element-56b3fb2 elementor-widget elementor-widget-image\" data-id=\"56b3fb2\" data-element_type=\"widget\" data-widget_type=\"image.default\">\n\t\t\t\t<div class=\"elementor-widget-container\">\n\t\t\t\t\t\t\t\t\t\t\t\t\t<img decoding=\"async\" width=\"288\" height=\"150\" src=\"https:\/\/convencoesfreicaneca.com.br\/wp-content\/uploads\/2024\/10\/filiacoes-do-convencoes-frei-caneca-imagem-02.png\" class=\"attachment-large size-large wp-image-319\" alt=\"Filia\u00e7\u00f5es do Centro de Conven\u00e7\u00f5es Frei Caneca: UBRAFE \u2013 Uni\u00e3o Brasileira dos Promotores de Feiras\" \/>\t\t\t\t\t\t\t\t\t\t\t\t\t<\/div>\n\t\t\t\t<\/div>\n\t\t\t\t<div class=\"elementor-element elementor-element-67cf348 elementor-widget elementor-widget-icon-box\" data-id=\"67cf348\" data-element_type=\"widget\" data-widget_type=\"icon-box.default\">\n\t\t\t\t<div class=\"elementor-widget-container\">\n\t\t\t\t\t<div class=\"elementor-icon-box-wrapper\">\n\n\t\t\t\n\t\t\t\t\t\t<div class=\"elementor-icon-box-content\">\n\n\t\t\t\t\t\t\t\t\t<h3 class=\"elementor-icon-box-title\">\n\t\t\t\t\t\t<span  >\n\t\t\t\t\t\t\tBrazilian Association of Trade Fairs Organizors\t\t\t\t\t\t<\/span>\n\t\t\t\t\t<\/h3>\n\t\t\t\t\n\t\t\t\t\t\t\t\t\t<p class=\"elementor-icon-box-description\">\n\t\t\t\t\t\twww.elaineflandulfo.com<br> Fixed: (11) 3032-7917\t\t\t\t\t<\/p>\n\t\t\t\t\n\t\t\t<\/div>\n\t\t\t\n\t\t<\/div>\n\t\t\t\t<\/div>\n\t\t\t\t<\/div>\n\t\t\t\t<\/div>\n\t\t\t\t<\/div>\n\t\t\t\t\t<\/div>\n\t\t\t\t<\/div>\n\t\t\t\t<\/div>\n\t\t","protected":false},"excerpt":{"rendered":"<p>S\u00e3o Paulo Convention &#038; Visitors Bureau www.visitesaopaulo.com Brazilian Association of Trade Fairs Organizors www.elaineflandulfo.com Fixed: (11) 3032-7917<\/p>\n","protected":false},"author":1,"featured_media":0,"parent":840,"menu_order":0,"comment_status":"closed","ping_status":"closed","template":"","meta":{"footnotes":""},"class_list":["post-846","page","type-page","status-publish","hentry"],"_links":{"self":[{"href":"https:\/\/convencoesfreicaneca.com.br\/en\/wp-json\/wp\/v2\/pages\/846","targetHints":{"allow":["GET"]}}],"collection":[{"href":"https:\/\/convencoesfreicaneca.com.br\/en\/wp-json\/wp\/v2\/pages"}],"about":[{"href":"https:\/\/convencoesfreicaneca.com.br\/en\/wp-json\/wp\/v2\/types\/page"}],"author":[{"embeddable":true,"href":"https:\/\/convencoesfreicaneca.com.br\/en\/wp-json\/wp\/v2\/users\/1"}],"replies":[{"embeddable":true,"href":"https:\/\/convencoesfreicaneca.com.br\/en\/wp-json\/wp\/v2\/comments?post=846"}],"version-history":[{"count":5,"href":"https:\/\/convencoesfreicaneca.com.br\/en\/wp-json\/wp\/v2\/pages\/846\/revisions"}],"predecessor-version":[{"id":910,"href":"https:\/\/convencoesfreicaneca.com.br\/en\/wp-json\/wp\/v2\/pages\/846\/revisions\/910"}],"up":[{"embeddable":true,"href":"https:\/\/convencoesfreicaneca.com.br\/en\/wp-json\/wp\/v2\/pages\/840"}],"wp:attachment":[{"href":"https:\/\/convencoesfreicaneca.com.br\/en\/wp-json\/wp\/v2\/media?parent=846"}],"curies":[{"name":"wp","href":"https:\/\/api.w.org\/{rel}","templated":true}]}}